{"id":21,"date":"2025-03-28T16:06:23","date_gmt":"2025-03-28T19:06:23","guid":{"rendered":"https:\/\/innovacon.simplificandotuweb.com\/?page_id=21"},"modified":"2025-11-06T15:29:53","modified_gmt":"2025-11-06T14:29:53","slug":"declaracion-de-accesibilidad","status":"publish","type":"page","link":"https:\/\/restaurantelcaliu.com\/ca\/declaracion-de-accesibilidad\/","title":{"rendered":"Declaraci\u00f3 d&#039;accessibilitat"},"content":{"rendered":"<style>.elementor-21 .elementor-element.elementor-element-b9fdef1{--display:flex;--flex-direction:row;--container-widget-width:calc( ( 1 - var( --container-widget-flex-grow ) ) * 100% );--container-widget-height:100%;--container-widget-flex-grow:1;--container-widget-align-self:stretch;--flex-wrap-mobile:wrap;--align-items:stretch;--gap:10px 10px;--row-gap:10px;--column-gap:10px;--overlay-opacity:1;--margin-top:0px;--margin-bottom:0px;--margin-left:0px;--margin-right:0px;--padding-top:350px;--padding-bottom:100px;--padding-left:0px;--padding-right:0px;}.elementor-21 .elementor-element.elementor-element-b9fdef1:not(.elementor-motion-effects-element-type-background), .elementor-21 .elementor-element.elementor-element-b9fdef1 > .elementor-motion-effects-container > .elementor-motion-effects-layer{background-color:var( --e-global-color-primary );}.elementor-21 .elementor-element.elementor-element-b9fdef1::before, .elementor-21 .elementor-element.elementor-element-b9fdef1 > .elementor-background-video-container::before, .elementor-21 .elementor-element.elementor-element-b9fdef1 > .e-con-inner > .elementor-background-video-container::before, .elementor-21 .elementor-element.elementor-element-b9fdef1 > .elementor-background-slideshow::before, .elementor-21 .elementor-element.elementor-element-b9fdef1 > .e-con-inner > .elementor-background-slideshow::before, .elementor-21 .elementor-element.elementor-element-b9fdef1 > .elementor-motion-effects-container > .elementor-motion-effects-layer::before{background-color:transparent;--background-overlay:'';background-image:linear-gradient(180deg, #171717B0 50%, #0C0C0C 100%);}.elementor-21 .elementor-element.elementor-element-d627d45{--display:flex;}.elementor-21 .elementor-element.elementor-element-9a0207e{text-align:start;}.elementor-21 .elementor-element.elementor-element-9a0207e .elementor-heading-title{font-family:var( --e-global-typography-f7185ef-font-family ), Sans-serif;font-size:var( --e-global-typography-f7185ef-font-size );font-weight:var( --e-global-typography-f7185ef-font-weight );text-transform:var( --e-global-typography-f7185ef-text-transform );line-height:var( --e-global-typography-f7185ef-line-height );color:var( --e-global-color-133645f );}.elementor-21 .elementor-element.elementor-element-1228b6b .elementor-icon-list-items:not(.elementor-inline-items) .elementor-icon-list-item:not(:last-child){padding-block-end:calc(15px\/2);}.elementor-21 .elementor-element.elementor-element-1228b6b .elementor-icon-list-items:not(.elementor-inline-items) .elementor-icon-list-item:not(:first-child){margin-block-start:calc(15px\/2);}.elementor-21 .elementor-element.elementor-element-1228b6b .elementor-icon-list-items.elementor-inline-items .elementor-icon-list-item{margin-inline:calc(15px\/2);}.elementor-21 .elementor-element.elementor-element-1228b6b .elementor-icon-list-items.elementor-inline-items{margin-inline:calc(-15px\/2);}.elementor-21 .elementor-element.elementor-element-1228b6b .elementor-icon-list-items.elementor-inline-items .elementor-icon-list-item:after{inset-inline-end:calc(-15px\/2);}.elementor-21 .elementor-element.elementor-element-1228b6b .elementor-icon-list-icon i{color:var( --e-global-color-accent );transition:color 0.3s;}.elementor-21 .elementor-element.elementor-element-1228b6b .elementor-icon-list-icon svg{fill:var( --e-global-color-accent );transition:fill 0.3s;}.elementor-21 .elementor-element.elementor-element-1228b6b{--e-icon-list-icon-size:15px;--icon-vertical-offset:0px;}.elementor-21 .elementor-element.elementor-element-1228b6b .elementor-icon-list-item > .elementor-icon-list-text, .elementor-21 .elementor-element.elementor-element-1228b6b .elementor-icon-list-item > a{font-family:var( --e-global-typography-fea9f5f-font-family ), Sans-serif;font-size:var( --e-global-typography-fea9f5f-font-size );font-weight:var( --e-global-typography-fea9f5f-font-weight );text-transform:var( --e-global-typography-fea9f5f-text-transform );letter-spacing:var( --e-global-typography-fea9f5f-letter-spacing );}.elementor-21 .elementor-element.elementor-element-1228b6b .elementor-icon-list-text{color:var( --e-global-color-133645f );transition:color 0.3s;}.elementor-21 .elementor-element.elementor-element-476c04b4{--display:flex;--padding-top:10%;--padding-bottom:10%;--padding-left:5%;--padding-right:5%;}@media(min-width:768px){.elementor-21 .elementor-element.elementor-element-b9fdef1{--content-width:1290px;}}@media(max-width:1024px) and (min-width:768px){.elementor-21 .elementor-element.elementor-element-d627d45{--width:100%;}}@media(max-width:1024px){.elementor-21 .elementor-element.elementor-element-b9fdef1{--margin-top:-290px;--margin-bottom:0px;--margin-left:0px;--margin-right:0px;}.elementor-21 .elementor-element.elementor-element-d627d45{--margin-top:0px;--margin-bottom:0px;--margin-left:10px;--margin-right:10px;}.elementor-21 .elementor-element.elementor-element-9a0207e .elementor-heading-title{font-size:var( --e-global-typography-f7185ef-font-size );line-height:var( --e-global-typography-f7185ef-line-height );}.elementor-21 .elementor-element.elementor-element-1228b6b .elementor-icon-list-item > .elementor-icon-list-text, .elementor-21 .elementor-element.elementor-element-1228b6b .elementor-icon-list-item > a{font-size:var( --e-global-typography-fea9f5f-font-size );letter-spacing:var( --e-global-typography-fea9f5f-letter-spacing );}}@media(max-width:767px){.elementor-21 .elementor-element.elementor-element-b9fdef1{--min-height:70vh;--justify-content:flex-end;--align-items:stretch;--container-widget-width:calc( ( 1 - var( --container-widget-flex-grow ) ) * 100% );--margin-top:0px;--margin-bottom:0px;--margin-left:0px;--margin-right:0px;--padding-top:250px;--padding-bottom:80px;--padding-left:10px;--padding-right:10px;}.elementor-21 .elementor-element.elementor-element-d627d45{--justify-content:flex-end;--margin-top:0px;--margin-bottom:0px;--margin-left:5px;--margin-right:5px;}.elementor-21 .elementor-element.elementor-element-9a0207e .elementor-heading-title{font-size:var( --e-global-typography-f7185ef-font-size );line-height:var( --e-global-typography-f7185ef-line-height );}.elementor-21 .elementor-element.elementor-element-1228b6b .elementor-icon-list-item > .elementor-icon-list-text, .elementor-21 .elementor-element.elementor-element-1228b6b .elementor-icon-list-item > a{font-size:var( --e-global-typography-fea9f5f-font-size );letter-spacing:var( --e-global-typography-fea9f5f-letter-spacing );}}<\/style>\t\t<div data-elementor-type=\"wp-page\" data-elementor-id=\"21\" class=\"elementor elementor-21\" data-elementor-post-type=\"page\">\n\t\t\t\t<div class=\"elementor-element elementor-element-b9fdef1 e-flex e-con-boxed e-con e-parent\" data-id=\"b9fdef1\" data-element_type=\"container\" data-settings=\"{&quot;background_background&quot;:&quot;classic&quot;,&quot;jet_parallax_layout_list&quot;:[]}\">\n\t\t\t\t\t<div class=\"e-con-inner\">\n\t\t<div class=\"elementor-element elementor-element-d627d45 e-con-full e-flex e-con e-child\" data-id=\"d627d45\" data-element_type=\"container\" data-settings=\"{&quot;jet_parallax_layout_list&quot;:[]}\">\n\t\t\t\t<div class=\"elementor-element elementor-element-9a0207e elementor-widget elementor-widget-heading\" data-id=\"9a0207e\" data-element_type=\"widget\" data-widget_type=\"heading.default\">\n\t\t\t\t\t<h1 class=\"elementor-heading-title elementor-size-default\">Declaraci\u00f3 d&#039;accessibilitat<\/h1>\t\t\t\t<\/div>\n\t\t\t\t<div class=\"elementor-element elementor-element-1228b6b elementor-icon-list--layout-inline elementor-align-start elementor-list-item-link-full_width elementor-widget elementor-widget-icon-list\" data-id=\"1228b6b\" data-element_type=\"widget\" data-widget_type=\"icon-list.default\">\n\t\t\t\t\t\t\t<ul class=\"elementor-icon-list-items elementor-inline-items\">\n\t\t\t\t\t\t\t<li class=\"elementor-icon-list-item elementor-inline-item\">\n\t\t\t\t\t\t\t\t\t\t\t<a href=\"https:\/\/restaurantelcaliu.com\/ca\">\n\n\t\t\t\t\t\t\t\t\t\t\t<span class=\"elementor-icon-list-text\">Inici<\/span>\n\t\t\t\t\t\t\t\t\t\t\t<\/a>\n\t\t\t\t\t\t\t\t\t<\/li>\n\t\t\t\t\t\t\t\t<li class=\"elementor-icon-list-item elementor-inline-item\">\n\t\t\t\t\t\t\t\t\t\t\t<a href=\"https:\/\/restaurantelcaliu.com\/ca\/declaracion-de-accesibilidad\/\">\n\n\t\t\t\t\t\t\t\t\t\t\t\t<span class=\"elementor-icon-list-icon\">\n\t\t\t\t\t\t\t<svg aria-hidden=\"true\" class=\"e-font-icon-svg e-fas-chevron-right\" viewbox=\"0 0 320 512\" xmlns=\"http:\/\/www.w3.org\/2000\/svg\"><path d=\"M285.476 272.971L91.132 467.314c-9.373 9.373-24.569 9.373-33.941 0l-22.667-22.667c-9.357-9.357-9.375-24.522-.04-33.901L188.505 256 34.484 101.255c-9.335-9.379-9.317-24.544.04-33.901l22.667-22.667c9.373-9.373 24.569-9.373 33.941 0L285.475 239.03c9.373 9.372 9.373 24.568.001 33.941z\"><\/path><\/svg>\t\t\t\t\t\t<\/span>\n\t\t\t\t\t\t\t\t\t\t<span class=\"elementor-icon-list-text\">Declaraci\u00f3 d&#039;accessibilitat<\/span>\n\t\t\t\t\t\t\t\t\t\t\t<\/a>\n\t\t\t\t\t\t\t\t\t<\/li>\n\t\t\t\t\t\t<\/ul>\n\t\t\t\t\t\t<\/div>\n\t\t\t\t<\/div>\n\t\t\t\t\t<\/div>\n\t\t\t\t<\/div>\n\t\t<div class=\"elementor-element elementor-element-476c04b4 e-flex e-con-boxed e-con e-parent\" data-id=\"476c04b4\" data-element_type=\"container\" data-settings=\"{&quot;jet_parallax_layout_list&quot;:[]}\">\n\t\t\t\t\t<div class=\"e-con-inner\">\n\t\t\t\t<div class=\"elementor-element elementor-element-3024c22c elementor-widget elementor-widget-text-editor\" data-id=\"3024c22c\" data-element_type=\"widget\" data-widget_type=\"text-editor.default\">\n\t\t\t\t\t\t\t\t\t\n<p><strong>EL CALIU DE SANT LLOREN\u00c7 SAVALL S<\/strong> s&#039;ha comprom\u00e8s a fer accessible el vostre lloc web, conforme al Reial Decret 1112\/2018, de 7 de setembre, sobre accessibilitat dels llocs web i aplicacions per a dispositius m\u00f2bils del sector p\u00fablic. Aquesta declaraci\u00f3 d&#039;accessibilitat s&#039;aplica a aquest web.<\/p>\n\n<p><strong>Situaci\u00f3 de compliment<\/strong><\/p>\n\n<p>Aquest lloc web est\u00e0 desenvolupat segons el RD 1112\/2018<\/p>\n\n<p><strong>Preparaci\u00f3 per a la seg\u00fcent declaraci\u00f3 d&#039;accessibilitat<\/strong><\/p>\n\n<p>Aquesta declaraci\u00f3 va ser preparada el 20 d&#039;abril del 2023. El m\u00e8tode emprat per preparar la declaraci\u00f3 ha estat una autoavaluaci\u00f3.<\/p>\n\n<p><strong>Observacions i dades de contacte<\/strong><\/p>\n\n<p>Podeu realitzar comunicacions sobre requisits d&#039;accessibilitat (article 10.2.a del RD 1112\/2018) com:<\/p>\n\n<ul class=\"wp-block-list\">\n<li>Informar sobre qualsevol possible incompliment per part d&#039;aquest lloc web<\/li>\n\n<li>Transmetre altres dificultats d&#039;acc\u00e9s al contingut<\/li>\n\n<li>Formular qualsevol altra consulta o suggeriment de millora relativa a l&#039;accessibilitat del lloc web mitjan\u00e7ant el formulari de contacte d&#039;aquest lloc web o mitjan\u00e7ant el n\u00famero de tel\u00e8fon\u00a0<\/li>\n<\/ul>\n\n<p>Podeu presentar:<\/p>\n\n<ul class=\"wp-block-list\">\n<li>Queixa relativa al compliment dels requisits del RD 1112\/2018<\/li>\n\n<li>Sol\u00b7licitud d&#039;informaci\u00f3 accessible relativa a:\n<ul class=\"wp-block-list\">\n<li>Continguts que estan exclosos de l\u00e0mbit daplicaci\u00f3 del RD 1112\/2018 segons el que estableix larticle 3, apartat 4<\/li>\n\n<li>Continguts que estan exempts del compliment dels requisits d&#039;accessibilitat per imposar una c\u00e0rrega desproporcionada<\/li>\n\n<li>A la Sol\u00b7licitud d&#039;informaci\u00f3 accessible, cal concretar, amb tota claredat, els fets, les raons i la petici\u00f3 que permetin constatar que es tracta d&#039;una sol\u00b7licitud raonable i leg\u00edtima.<\/li>\n<\/ul>\n<\/li>\n<\/ul>\n\n<p>Les queixes i reclamacions sobre informaci\u00f3 accessible es realitzaran a trav\u00e9s de la seu electr\u00f2nica (<span style=\"text-decoration: underline;\"><strong><a href=\"https:\/\/sede.red.gob.es\/procedimientos\/quejas-y-sugerencias\">https:\/\/sede.red.gob.es\/procedimientos\/quejas-y-sugerencias<\/a><\/strong><\/span>), i seran rebudes i tractades per l&#039;\u00e0rea de Sistemes de la Informaci\u00f3 de Red.es.<\/p>\n\n<p><strong>Contingut opcional<\/strong><\/p>\n\n<ul class=\"wp-block-list\">\n<li>Si voleu canviar la mida de lletra del text als principals navegadors gr\u00e0fics utilitzeu els men\u00fas seg\u00fcents:<\/li>\n\n<li>Safari: Veure &gt; Fer el text m\u00e9s gran<\/li>\n\n<li>Chrome: Controla la p\u00e0gina actual &gt; Mida del text<\/li>\n<\/ul>\n\n<p>Per modificar la mida de tot a la p\u00e0gina:<\/p>\n\n<ul class=\"wp-block-list\">\n<li>Ctrl++ per augmentar-ho<\/li>\n\n<li>Ctrl + \u2013 per disminuir-ho<\/li>\n\n<li>Ctrl + 0 restaura la mida original del text<\/li>\n\n<li>Si el que voleu \u00e9s anul\u00b7lar el full d&#039;estils o modificar el color del text, podeu consultar la p\u00e0gina How to Change Text Size o Colors de la WAI, que es pot llegir tradu\u00eft a l&#039;espanyol a Com canviar la mida del text o colors?<\/li>\n<\/ul>\n\t\t\t\t\t\t\t\t<\/div>\n\t\t\t\t\t<\/div>\n\t\t\t\t<\/div>\n\t\t\t\t<\/div>","protected":false},"excerpt":{"rendered":"<p>Inicio se ha comprometido a hacer accesible su sitio web, conforme al Real Decreto 1112\/2018, de 7 de septiembre, sobre accesibilidad de los sitios web y aplicaciones para dispositivos m\u00f3viles del sector p\u00fablico. Esta declaraci\u00f3n de accesibilidad se aplica a esta web. Situaci\u00f3n de cumplimiento Este sitio web est\u00e1 desarrollado seg\u00fan el RD 1112\/2018 Preparaci\u00f3n [&hellip;]<\/p>\n","protected":false},"author":1,"featured_media":0,"parent":0,"menu_order":0,"comment_status":"closed","ping_status":"closed","template":"","meta":{"footnotes":""},"class_list":["post-21","page","type-page","status-publish","hentry"],"_links":{"self":[{"href":"https:\/\/restaurantelcaliu.com\/ca\/wp-json\/wp\/v2\/pages\/21","targetHints":{"allow":["GET"]}}],"collection":[{"href":"https:\/\/restaurantelcaliu.com\/ca\/wp-json\/wp\/v2\/pages"}],"about":[{"href":"https:\/\/restaurantelcaliu.com\/ca\/wp-json\/wp\/v2\/types\/page"}],"author":[{"embeddable":true,"href":"https:\/\/restaurantelcaliu.com\/ca\/wp-json\/wp\/v2\/users\/1"}],"replies":[{"embeddable":true,"href":"https:\/\/restaurantelcaliu.com\/ca\/wp-json\/wp\/v2\/comments?post=21"}],"version-history":[{"count":16,"href":"https:\/\/restaurantelcaliu.com\/ca\/wp-json\/wp\/v2\/pages\/21\/revisions"}],"predecessor-version":[{"id":1282,"href":"https:\/\/restaurantelcaliu.com\/ca\/wp-json\/wp\/v2\/pages\/21\/revisions\/1282"}],"wp:attachment":[{"href":"https:\/\/restaurantelcaliu.com\/ca\/wp-json\/wp\/v2\/media?parent=21"}],"curies":[{"name":"wp","href":"https:\/\/api.w.org\/{rel}","templated":true}]}}