{"id":31,"date":"2025-03-28T16:10:30","date_gmt":"2025-03-28T19:10:30","guid":{"rendered":"https:\/\/innovacon.simplificandotuweb.com\/?page_id=31"},"modified":"2025-11-06T15:30:30","modified_gmt":"2025-11-06T14:30:30","slug":"politica-de-privacidad","status":"publish","type":"page","link":"https:\/\/restaurantelcaliu.com\/ca\/politica-de-privacidad\/","title":{"rendered":"Pol\u00edtica de Privadesa"},"content":{"rendered":"<style>.elementor-31 .elementor-element.elementor-element-11a84f7{--display:flex;--flex-direction:row;--container-widget-width:calc( ( 1 - var( --container-widget-flex-grow ) ) * 100% );--container-widget-height:100%;--container-widget-flex-grow:1;--container-widget-align-self:stretch;--flex-wrap-mobile:wrap;--align-items:stretch;--gap:10px 10px;--row-gap:10px;--column-gap:10px;--overlay-opacity:1;--margin-top:0px;--margin-bottom:0px;--margin-left:0px;--margin-right:0px;--padding-top:350px;--padding-bottom:100px;--padding-left:0px;--padding-right:0px;}.elementor-31 .elementor-element.elementor-element-11a84f7:not(.elementor-motion-effects-element-type-background), .elementor-31 .elementor-element.elementor-element-11a84f7 > .elementor-motion-effects-container > .elementor-motion-effects-layer{background-color:var( --e-global-color-primary );}.elementor-31 .elementor-element.elementor-element-11a84f7::before, .elementor-31 .elementor-element.elementor-element-11a84f7 > .elementor-background-video-container::before, .elementor-31 .elementor-element.elementor-element-11a84f7 > .e-con-inner > .elementor-background-video-container::before, .elementor-31 .elementor-element.elementor-element-11a84f7 > .elementor-background-slideshow::before, .elementor-31 .elementor-element.elementor-element-11a84f7 > .e-con-inner > .elementor-background-slideshow::before, .elementor-31 .elementor-element.elementor-element-11a84f7 > .elementor-motion-effects-container > .elementor-motion-effects-layer::before{background-color:transparent;--background-overlay:'';background-image:linear-gradient(180deg, #171717B0 50%, #0C0C0C 100%);}.elementor-31 .elementor-element.elementor-element-8f0dad2{--display:flex;}.elementor-31 .elementor-element.elementor-element-85f6103{text-align:start;}.elementor-31 .elementor-element.elementor-element-85f6103 .elementor-heading-title{font-family:var( --e-global-typography-f7185ef-font-family ), Sans-serif;font-size:var( --e-global-typography-f7185ef-font-size );font-weight:var( --e-global-typography-f7185ef-font-weight );text-transform:var( --e-global-typography-f7185ef-text-transform );line-height:var( --e-global-typography-f7185ef-line-height );color:var( --e-global-color-133645f );}.elementor-31 .elementor-element.elementor-element-1624e63 .elementor-icon-list-items:not(.elementor-inline-items) .elementor-icon-list-item:not(:last-child){padding-block-end:calc(15px\/2);}.elementor-31 .elementor-element.elementor-element-1624e63 .elementor-icon-list-items:not(.elementor-inline-items) .elementor-icon-list-item:not(:first-child){margin-block-start:calc(15px\/2);}.elementor-31 .elementor-element.elementor-element-1624e63 .elementor-icon-list-items.elementor-inline-items .elementor-icon-list-item{margin-inline:calc(15px\/2);}.elementor-31 .elementor-element.elementor-element-1624e63 .elementor-icon-list-items.elementor-inline-items{margin-inline:calc(-15px\/2);}.elementor-31 .elementor-element.elementor-element-1624e63 .elementor-icon-list-items.elementor-inline-items .elementor-icon-list-item:after{inset-inline-end:calc(-15px\/2);}.elementor-31 .elementor-element.elementor-element-1624e63 .elementor-icon-list-icon i{color:var( --e-global-color-accent );transition:color 0.3s;}.elementor-31 .elementor-element.elementor-element-1624e63 .elementor-icon-list-icon svg{fill:var( --e-global-color-accent );transition:fill 0.3s;}.elementor-31 .elementor-element.elementor-element-1624e63{--e-icon-list-icon-size:15px;--icon-vertical-offset:0px;}.elementor-31 .elementor-element.elementor-element-1624e63 .elementor-icon-list-item > .elementor-icon-list-text, .elementor-31 .elementor-element.elementor-element-1624e63 .elementor-icon-list-item > a{font-family:var( --e-global-typography-fea9f5f-font-family ), Sans-serif;font-size:var( --e-global-typography-fea9f5f-font-size );font-weight:var( --e-global-typography-fea9f5f-font-weight );text-transform:var( --e-global-typography-fea9f5f-text-transform );letter-spacing:var( --e-global-typography-fea9f5f-letter-spacing );}.elementor-31 .elementor-element.elementor-element-1624e63 .elementor-icon-list-text{color:var( --e-global-color-133645f );transition:color 0.3s;}.elementor-31 .elementor-element.elementor-element-435f93{--display:flex;--padding-top:10%;--padding-bottom:10%;--padding-left:5%;--padding-right:5%;}@media(min-width:768px){.elementor-31 .elementor-element.elementor-element-11a84f7{--content-width:1290px;}}@media(max-width:1024px) and (min-width:768px){.elementor-31 .elementor-element.elementor-element-8f0dad2{--width:100%;}}@media(max-width:1024px){.elementor-31 .elementor-element.elementor-element-11a84f7{--margin-top:-290px;--margin-bottom:0px;--margin-left:0px;--margin-right:0px;}.elementor-31 .elementor-element.elementor-element-8f0dad2{--margin-top:0px;--margin-bottom:0px;--margin-left:10px;--margin-right:10px;}.elementor-31 .elementor-element.elementor-element-85f6103 .elementor-heading-title{font-size:var( --e-global-typography-f7185ef-font-size );line-height:var( --e-global-typography-f7185ef-line-height );}.elementor-31 .elementor-element.elementor-element-1624e63 .elementor-icon-list-item > .elementor-icon-list-text, .elementor-31 .elementor-element.elementor-element-1624e63 .elementor-icon-list-item > a{font-size:var( --e-global-typography-fea9f5f-font-size );letter-spacing:var( --e-global-typography-fea9f5f-letter-spacing );}}@media(max-width:767px){.elementor-31 .elementor-element.elementor-element-11a84f7{--min-height:70vh;--justify-content:flex-end;--align-items:stretch;--container-widget-width:calc( ( 1 - var( --container-widget-flex-grow ) ) * 100% );--margin-top:0px;--margin-bottom:0px;--margin-left:0px;--margin-right:0px;--padding-top:250px;--padding-bottom:80px;--padding-left:10px;--padding-right:10px;}.elementor-31 .elementor-element.elementor-element-8f0dad2{--justify-content:flex-end;--margin-top:0px;--margin-bottom:0px;--margin-left:5px;--margin-right:5px;}.elementor-31 .elementor-element.elementor-element-85f6103 .elementor-heading-title{font-size:var( --e-global-typography-f7185ef-font-size );line-height:var( --e-global-typography-f7185ef-line-height );}.elementor-31 .elementor-element.elementor-element-1624e63 .elementor-icon-list-item > .elementor-icon-list-text, .elementor-31 .elementor-element.elementor-element-1624e63 .elementor-icon-list-item > a{font-size:var( --e-global-typography-fea9f5f-font-size );letter-spacing:var( --e-global-typography-fea9f5f-letter-spacing );}}<\/style>\t\t<div data-elementor-type=\"wp-page\" data-elementor-id=\"31\" class=\"elementor elementor-31\" data-elementor-post-type=\"page\">\n\t\t\t\t<div class=\"elementor-element elementor-element-11a84f7 e-flex e-con-boxed e-con e-parent\" data-id=\"11a84f7\" data-element_type=\"container\" data-settings=\"{&quot;background_background&quot;:&quot;classic&quot;,&quot;jet_parallax_layout_list&quot;:[]}\">\n\t\t\t\t\t<div class=\"e-con-inner\">\n\t\t<div class=\"elementor-element elementor-element-8f0dad2 e-con-full e-flex e-con e-child\" data-id=\"8f0dad2\" data-element_type=\"container\" data-settings=\"{&quot;jet_parallax_layout_list&quot;:[]}\">\n\t\t\t\t<div class=\"elementor-element elementor-element-85f6103 elementor-widget elementor-widget-heading\" data-id=\"85f6103\" data-element_type=\"widget\" data-widget_type=\"heading.default\">\n\t\t\t\t\t<h1 class=\"elementor-heading-title elementor-size-default\">Pol\u00edtica de Privacidad<\/h1>\t\t\t\t<\/div>\n\t\t\t\t<div class=\"elementor-element elementor-element-1624e63 elementor-icon-list--layout-inline elementor-align-start elementor-list-item-link-full_width elementor-widget elementor-widget-icon-list\" data-id=\"1624e63\" data-element_type=\"widget\" data-widget_type=\"icon-list.default\">\n\t\t\t\t\t\t\t<ul class=\"elementor-icon-list-items elementor-inline-items\">\n\t\t\t\t\t\t\t<li class=\"elementor-icon-list-item elementor-inline-item\">\n\t\t\t\t\t\t\t\t\t\t\t<a href=\"https:\/\/restaurantelcaliu.com\/ca\">\n\n\t\t\t\t\t\t\t\t\t\t\t<span class=\"elementor-icon-list-text\">Inicio<\/span>\n\t\t\t\t\t\t\t\t\t\t\t<\/a>\n\t\t\t\t\t\t\t\t\t<\/li>\n\t\t\t\t\t\t\t\t<li class=\"elementor-icon-list-item elementor-inline-item\">\n\t\t\t\t\t\t\t\t\t\t\t<a href=\"https:\/\/restaurantelcaliu.com\/ca\/politica-de-privacidad\/\">\n\n\t\t\t\t\t\t\t\t\t\t\t\t<span class=\"elementor-icon-list-icon\">\n\t\t\t\t\t\t\t<svg aria-hidden=\"true\" class=\"e-font-icon-svg e-fas-chevron-right\" viewBox=\"0 0 320 512\" xmlns=\"http:\/\/www.w3.org\/2000\/svg\"><path d=\"M285.476 272.971L91.132 467.314c-9.373 9.373-24.569 9.373-33.941 0l-22.667-22.667c-9.357-9.357-9.375-24.522-.04-33.901L188.505 256 34.484 101.255c-9.335-9.379-9.317-24.544.04-33.901l22.667-22.667c9.373-9.373 24.569-9.373 33.941 0L285.475 239.03c9.373 9.372 9.373 24.568.001 33.941z\"><\/path><\/svg>\t\t\t\t\t\t<\/span>\n\t\t\t\t\t\t\t\t\t\t<span class=\"elementor-icon-list-text\">Pol\u00edtica de Privacidad<\/span>\n\t\t\t\t\t\t\t\t\t\t\t<\/a>\n\t\t\t\t\t\t\t\t\t<\/li>\n\t\t\t\t\t\t<\/ul>\n\t\t\t\t\t\t<\/div>\n\t\t\t\t<\/div>\n\t\t\t\t\t<\/div>\n\t\t\t\t<\/div>\n\t\t<div class=\"elementor-element elementor-element-435f93 e-flex e-con-boxed e-con e-parent\" data-id=\"435f93\" data-element_type=\"container\" data-settings=\"{&quot;jet_parallax_layout_list&quot;:[]}\">\n\t\t\t\t\t<div class=\"e-con-inner\">\n\t\t\t\t<div class=\"elementor-element elementor-element-7a92f476 elementor-widget elementor-widget-text-editor\" data-id=\"7a92f476\" data-element_type=\"widget\" data-widget_type=\"text-editor.default\">\n\t\t\t\t\t\t\t\t\t\n<p><strong>1.- INFORMACI\u00d3N AL USUARIO<\/strong><\/p>\n\n<p>El sitio web informa a los usuarios del sitio web sobre su pol\u00edtica respecto al tratamiento y protecci\u00f3n de los datos de car\u00e1cter personal de los usuarios y clientes que puedan ser solicitados por la navegaci\u00f3n a trav\u00e9s de su sitio web.<\/p>\n\n<p>El sitio web es el Responsable del tratamiento de los datos personales del usuario, por lo que se le facilita la siguiente informaci\u00f3n referente al tratamiento de sus datos:<\/p>\n\n<p><strong>Criterios de conservaci\u00f3n de los datos:<\/strong>\u00a0Los datos personales proporcionados se conservar\u00e1n hasta que no se solicite la suspensi\u00f3n por parte del interesado, ejerciendo sus derechos sobre los datos, y en cualquier caso en cumplimiento de plazos legales de prescripci\u00f3n que le sean aplicables.<\/p>\n\n<p><strong>Derechos de los interesados:<\/strong><\/p>\n\n<p>Derecho a retirar su consentimiento en cualquier momento.<br \/>Derecho de acceso, rectificaci\u00f3n, supresi\u00f3n, portabilidad de sus datos, ya la limitaci\u00f3n u oposici\u00f3n de su tratamiento, as\u00ed como no ser objeto de decisiones individuales automatizadas.<\/p>\n\n<p><strong>Datos de contacto para ejercer sus derechos:<\/strong><\/p>\n\n<p>Se debe identificar debidamente y solicitar claramente el derecho de ejercer.<\/p>\n\n<ul class=\"wp-block-list\">\n<li><strong>Empresa: <\/strong>EL CALIU DE SANT LLOREN\u00c7 SAVALL S<strong><br \/><\/strong><\/li>\n<li><strong>NIF:<\/strong> B67162115<\/li>\n<li><strong>Responsable: <\/strong><\/li>\n<li><strong>Domicilio: <\/strong>Calle de Italia, 15<\/li>\n<li><strong>CP y Poblaci\u00f3n:<\/strong>\u00a008211 Castellar del Vall\u00e8s Barcelona<\/li>\n<li><strong>Tel\u00e9fono:<\/strong>\u00a0 +34615114414<\/li>\n<li><strong>Email:<\/strong> <span style=\"text-decoration: underline;\"><strong>[opcion_jet_email_link]<\/strong><\/span><\/li>\n<\/ul>\n\n<p>\u00a0<\/p>\n<p><strong>2.- INFORMACI\u00d3N FACILITADA POR EL USUARIO<\/strong><\/p>\n\n<p>Si es menor de 18 a\u00f1os, no est\u00e1 permitido el uso de formularios en nuestra web.<\/p>\n\n<p>Los Usuarios, introduciendo sus datos en los formularios de contacto o presentados en formularios de descarga, aceptan expresamente y de forma libre e inequ\u00edvoca, que sus datos son necesarios para atender su petici\u00f3n, por parte del Responsable, siendo voluntaria la inclusi\u00f3n de datos en los campos restantes.<\/p>\n\n<p>El Usuario garantiza que los datos personales facilitados son veraces y se hace responsable de comunicar cualquier modificaci\u00f3n.<\/p>\n\n<p>Todos los datos solicitados a trav\u00e9s del sitio web son necesarios para prestar un servicio \u00f3ptimo al Usuario. En caso de que no se faciliten todos los datos, no se garantiza que la informaci\u00f3n y servicios que El Responsable le facilite, sean completamente ajustados a sus necesidades.<\/p>\n\n<p><strong>3.- MEDIDAS DE SEGURIDAD<\/strong><\/p>\n\n<p>Que de conformidad con lo que disponen las normativas vigentes en materia de protecci\u00f3n de datos personales, El Responsable est\u00e1 cumpliendo con todas las disposiciones de las normativas RGPD y LOPD para el tratamiento de los datos personales de su responsabilidad, las cuales son tratadas de forma l\u00edcita, leal y transparente en relaci\u00f3n con el interesado y adecuados, pertinentes y limitados a lo necesario en relaci\u00f3n con los fines para los que son tratados.<\/p>\n\n<p>El Responsable garantiza que ha implementado pol\u00edticas t\u00e9cnicas y organizativas apropiadas para aplicar las medidas de seguridad establecidas por el RGPD y la LOPD para proteger los derechos y libertades de los Usuarios y les ha comunicado la informaci\u00f3n adecuada para que puedan ejercerlos.<\/p>\n\n<p><strong>4.- BRECHAS DE SEGURIDAD<\/strong><\/p>\n\n<p>El Responsable informar\u00e1 sobre cualquier brecha de seguridad que afecte a la base de datos que utiliza este sitio web, o que afecte a cualquiera de nuestros servicios de terceros, todas y cada una de las personas, datos de los que puedan haber sido afectados, y autoridades, dentro de las 72 horas siguientes a la detecci\u00f3n de la brecha.<\/p>\n\n<p><strong>LEGISLACI\u00d3N APLICABLE Y JURISDICCI\u00d3N<\/strong><\/p>\n\n<p>Para la resoluci\u00f3n de todas las controversias o cuestiones relacionadas con el presente sitio web o de las actividades que se desarrollen, ser\u00e1 de aplicaci\u00f3n la legislaci\u00f3n espa\u00f1ola, a la que se someten expresamente las partes, siendo competentes para la resoluci\u00f3n de todos los conflictos derivados o relacionados con el uso de los Juzgados y Tribunales de Barcelona.<\/p>\n\t\t\t\t\t\t\t\t<\/div>\n\t\t\t\t\t<\/div>\n\t\t\t\t<\/div>\n\t\t\t\t<\/div>\n\t\t","protected":false},"excerpt":{"rendered":"<p>Inicio 1.- INFORMACI\u00d3N AL USUARIO El sitio web informa a los usuarios del sitio web sobre su pol\u00edtica respecto al tratamiento y protecci\u00f3n de los datos de car\u00e1cter personal de los usuarios y clientes que puedan ser solicitados por la navegaci\u00f3n a trav\u00e9s de su sitio web. El sitio web es el Responsable del tratamiento [&hellip;]<\/p>\n","protected":false},"author":1,"featured_media":0,"parent":0,"menu_order":0,"comment_status":"closed","ping_status":"closed","template":"","meta":{"footnotes":""},"class_list":["post-31","page","type-page","status-publish","hentry"],"_links":{"self":[{"href":"https:\/\/restaurantelcaliu.com\/ca\/wp-json\/wp\/v2\/pages\/31","targetHints":{"allow":["GET"]}}],"collection":[{"href":"https:\/\/restaurantelcaliu.com\/ca\/wp-json\/wp\/v2\/pages"}],"about":[{"href":"https:\/\/restaurantelcaliu.com\/ca\/wp-json\/wp\/v2\/types\/page"}],"author":[{"embeddable":true,"href":"https:\/\/restaurantelcaliu.com\/ca\/wp-json\/wp\/v2\/users\/1"}],"replies":[{"embeddable":true,"href":"https:\/\/restaurantelcaliu.com\/ca\/wp-json\/wp\/v2\/comments?post=31"}],"version-history":[{"count":18,"href":"https:\/\/restaurantelcaliu.com\/ca\/wp-json\/wp\/v2\/pages\/31\/revisions"}],"predecessor-version":[{"id":1294,"href":"https:\/\/restaurantelcaliu.com\/ca\/wp-json\/wp\/v2\/pages\/31\/revisions\/1294"}],"wp:attachment":[{"href":"https:\/\/restaurantelcaliu.com\/ca\/wp-json\/wp\/v2\/media?parent=31"}],"curies":[{"name":"wp","href":"https:\/\/api.w.org\/{rel}","templated":true}]}}